{"id":259,"date":"2024-11-21T16:24:15","date_gmt":"2024-11-21T15:24:15","guid":{"rendered":"https:\/\/www.terrazaconfort.com\/?page_id=259"},"modified":"2025-03-29T12:48:26","modified_gmt":"2025-03-29T11:48:26","slug":"suelos-tecnicos","status":"publish","type":"page","link":"https:\/\/www.terrazaconfort.com\/en\/productos\/suelos-tecnicos\/","title":{"rendered":"Technical Floors"},"content":{"rendered":"<p>[et_pb_section fb_built=\u00bb1&#8243; _builder_version=\u00bb4.27.3&#8243; _module_preset=\u00bbdefault\u00bb locked=\u00bboff\u00bb global_colors_info=\u00bb{}\u00bb][et_pb_row _builder_version=\u00bb4.27.3&#8243; _module_preset=\u00bbdefault\u00bb locked=\u00bboff\u00bb global_colors_info=\u00bb{}\u00bb][et_pb_column type=\u00bb4_4&#8243; saved_specialty_column_type=\u00bb1_2&#8243; _builder_version=\u00bb4.27.3&#8243; _module_preset=\u00bbdefault\u00bb global_colors_info=\u00bb{}\u00bb][et_pb_text _builder_version=\u00bb4.27.4&#8243; _module_preset=\u00bbdefault\u00bb text_font=\u00bbPoppins|600|||||||\u00bb text_text_color=\u00bb#FF6A00&#8243; text_font_size=\u00bb40px\u00bb text_letter_spacing=\u00bb3px\u00bb text_line_height=\u00bb1em\u00bb header_font=\u00bbPoppins|600|||||||\u00bb header_text_color=\u00bb#FF6A00&#8243; header_font_size=\u00bb40px\u00bb text_orientation=\u00bbcenter\u00bb text_font_size_tablet=\u00bb40px\u00bb text_font_size_phone=\u00bb33px\u00bb text_font_size_last_edited=\u00bbon|phone\u00bb locked=\u00bboff\u00bb global_colors_info=\u00bb{}\u00bb]<\/p>\n<h1>SUELOS T\u00c9CNICOS<\/h1>\n<p>[\/et_pb_text][et_pb_text _builder_version=\u00bb4.27.4&#8243; _module_preset=\u00bbdefault\u00bb text_font=\u00bbPoppins|300|||||||\u00bb text_text_color=\u00bb#005373&#8243; text_font_size=\u00bb18px\u00bb text_line_height=\u00bb1.3em\u00bb header_2_font=\u00bbPoppins|300|||||||\u00bb header_2_text_color=\u00bb#005373&#8243; header_2_font_size=\u00bb18px\u00bb header_3_font=\u00bbPoppins|300|||||||\u00bb header_3_text_color=\u00bb#005373&#8243; header_3_font_size=\u00bb18px\u00bb text_orientation=\u00bbcenter\u00bb text_font_size_tablet=\u00bb18px\u00bb text_font_size_phone=\u00bb14px\u00bb text_font_size_last_edited=\u00bbon|phone\u00bb locked=\u00bboff\u00bb global_colors_info=\u00bb{}\u00bb]<\/p>\n<h2>\u00bfQu\u00e9 son los suelos t\u00e9cnicos?<\/h2>\n<h2>Suelos tambi\u00e9n conocidos como suelos elevados o falsos techos, son sistemas constructivos que consisten en paneles instalados sobre una estructura de soporte regulable en altura. Estos paneles forman una plataforma elevada sobre la losa original del edificio, creando un espacio vac\u00edo debajo.<\/h2>\n<h3>\u00bfQu\u00e9 es un suelo t\u00e9cnico en terraza?<br \/>Un <a href=\"https:\/\/es.wikipedia.org\/w\/index.php?search=Suelos+T%C3%A9cnicos&amp;title=Especial%3ABuscar&amp;ns0=1&amp;ns100=1&amp;ns104=1\">suelo t\u00e9cnico<\/a> en terraza es un sistema de pavimento elevado que se instala sobre una estructura de soporte regulable en altura. Esta estructura crea un espacio vac\u00edo entre el suelo original y el pavimento, lo que permite ocultar instalaciones, regular pendientes y facilitar el mantenimiento.<\/h3>\n<p>[\/et_pb_text][\/et_pb_column][\/et_pb_row][et_pb_row column_structure=\u00bb1_2,1_2&#8243; _builder_version=\u00bb4.27.4&#8243; _module_preset=\u00bbdefault\u00bb width=\u00bb45%\u00bb width_tablet=\u00bb45%\u00bb width_phone=\u00bb80%\u00bb width_last_edited=\u00bbon|phone\u00bb locked=\u00bboff\u00bb global_colors_info=\u00bb{}\u00bb][et_pb_column type=\u00bb1_2&#8243; _builder_version=\u00bb4.27.3&#8243; _module_preset=\u00bbdefault\u00bb global_colors_info=\u00bb{}\u00bb][ba_flipbox front_media_type=\u00bbimage\u00bb front_img=\u00bbhttps:\/\/www.terrazaconfort.com\/wp-content\/uploads\/2024\/11\/Ventana-9-min.jpg\u00bb front_title=\u00bbComposite\u00bb back_media_type=\u00bbnone\u00bb back_description=\u00bbSuelos T\u00e9cnicos Composite: Una Soluci\u00f3n Vers\u00e1til y Duradera, Los suelos t\u00e9cnicos composite son sistemas de pavimentaci\u00f3n modulares que ofrecen una soluci\u00f3n innovadora &#8230;\u00bb use_button=\u00bbon\u00bb button_text=\u00bbVer M\u00e1s\u00bb animation_3d=\u00bbon\u00bb front_padding=\u00bb12px|0px|0px|0px|false|false\u00bb front_ct_padding=\u00bb||12px||false|false\u00bb back_padding=\u00bb0px|0px|0px|0px\u00bb front_img_height=\u00bb235px\u00bb front_img_width=\u00bb300px\u00bb back_img_height=\u00bb120px\u00bb back_img_width=\u00bb120px\u00bb back_bg_color=\u00bb#005373&#8243; front_bg_color=\u00bb#ffffff\u00bb front_desc_spacing=\u00bb10px\u00bb back_desc_spacing=\u00bb10px\u00bb _builder_version=\u00bb4.27.4&#8243; _module_preset=\u00bbdefault\u00bb front_title_font=\u00bbPoppins||||||||\u00bb front_title_text_color=\u00bb#005373&#8243; front_title_font_size=\u00bb1.4rem\u00bb front_description_font_size=\u00bb1rem\u00bb back_title_font=\u00bbPoppins||||||||\u00bb back_title_text_color=\u00bb#ffffff\u00bb back_title_font_size=\u00bb1.5rem\u00bb back_description_text_color=\u00bb#ffffff\u00bb back_description_font_size=\u00bb1rem\u00bb custom_back_btn=\u00bbon\u00bb back_btn_text_color=\u00bb#005373&#8243; back_btn_bg_color=\u00bb#FFFFFF\u00bb back_btn_border_color=\u00bb#FFFFFF\u00bb back_btn_border_radius=\u00bb3px\u00bb back_btn_font=\u00bbPoppins|300|||||||\u00bb back_btn_icon=\u00bb&#x24;||divi||400&#8243; back_btn_icon_placement=\u00bbleft\u00bb back_btn_on_hover=\u00bboff\u00bb hover_enabled=\u00bb0&#8243; border_radii_card=\u00bbon|9px|9px|9px|9px\u00bb border_color_all_card=\u00bbRGBA(255,255,255,0)\u00bb border_radii_front_media=\u00bbon|8px|8px|8px|8px\u00bb box_shadow_style_card=\u00bbpreset3&#8243; global_colors_info=\u00bb{}\u00bb sticky_enabled=\u00bb0&#8243;][\/ba_flipbox][\/et_pb_column][et_pb_column type=\u00bb1_2&#8243; _builder_version=\u00bb4.27.3&#8243; _module_preset=\u00bbdefault\u00bb global_colors_info=\u00bb{}\u00bb][ba_flipbox front_media_type=\u00bbimage\u00bb front_img=\u00bbhttps:\/\/www.terrazaconfort.com\/wp-content\/uploads\/2024\/12\/Terraza-Confort-Piso-Tecnico-1-min.jpg\u00bb front_title=\u00bbNatural\u00bb back_media_type=\u00bbnone\u00bb back_description=\u00bb\u00bfQu\u00e9 son los suelos t\u00e9cnicos naturales?<\/p>\n<p>Los suelos t\u00e9cnicos naturales son sistemas modulares compuestos por paneles fabricados con materiales naturales &#8230;\u00bb use_button=\u00bbon\u00bb button_text=\u00bbVer M\u00e1s\u00bb animation_3d=\u00bbon\u00bb front_padding=\u00bb12px|0px|0px|0px|false|false\u00bb front_ct_padding=\u00bb||12px||false|false\u00bb back_padding=\u00bb0px|0px|0px|0px\u00bb front_img_height=\u00bb235px\u00bb front_img_width=\u00bb300px\u00bb back_img_height=\u00bb120px\u00bb back_img_width=\u00bb120px\u00bb back_bg_color=\u00bb#005373&#8243; front_bg_color=\u00bb#ffffff\u00bb front_desc_spacing=\u00bb10px\u00bb back_desc_spacing=\u00bb10px\u00bb _builder_version=\u00bb4.27.4&#8243; _module_preset=\u00bbdefault\u00bb front_title_font=\u00bbPoppins||||||||\u00bb front_title_text_color=\u00bb#005373&#8243; front_title_font_size=\u00bb1.4rem\u00bb front_description_font_size=\u00bb1rem\u00bb back_title_font=\u00bbPoppins||||||||\u00bb back_title_text_color=\u00bb#ffffff\u00bb back_title_font_size=\u00bb1.5rem\u00bb back_description_text_color=\u00bb#ffffff\u00bb back_description_font_size=\u00bb1rem\u00bb custom_back_btn=\u00bbon\u00bb back_btn_text_color=\u00bb#005373&#8243; back_btn_bg_color=\u00bb#FFFFFF\u00bb back_btn_border_color=\u00bb#FFFFFF\u00bb back_btn_border_radius=\u00bb3px\u00bb back_btn_font=\u00bbPoppins|300|||||||\u00bb back_btn_icon=\u00bb&#x24;||divi||400&#8243; back_btn_icon_placement=\u00bbleft\u00bb back_btn_on_hover=\u00bboff\u00bb border_radii_card=\u00bbon|9px|9px|9px|9px\u00bb border_color_all_card=\u00bbRGBA(255,255,255,0)\u00bb border_radii_front_media=\u00bbon|8px|8px|8px|8px\u00bb box_shadow_style_card=\u00bbpreset3&#8243; locked=\u00bboff\u00bb global_colors_info=\u00bb{}\u00bb][\/ba_flipbox][\/et_pb_column][\/et_pb_row][et_pb_row _builder_version=\u00bb4.27.4&#8243; _module_preset=\u00bbdefault\u00bb global_colors_info=\u00bb{}\u00bb][et_pb_column type=\u00bb4_4&#8243; _builder_version=\u00bb4.27.4&#8243; _module_preset=\u00bbdefault\u00bb global_colors_info=\u00bb{}\u00bb][et_pb_text _builder_version=\u00bb4.27.4&#8243; _module_preset=\u00bbdefault\u00bb text_font=\u00bbPoppins|300|||||||\u00bb text_text_color=\u00bb#005373&#8243; text_font_size=\u00bb18px\u00bb text_line_height=\u00bb1.3em\u00bb header_2_font=\u00bbPoppins|300|||||||\u00bb header_2_text_color=\u00bb#005373&#8243; header_2_font_size=\u00bb18px\u00bb header_2_line_height=\u00bb1.1em\u00bb header_3_font=\u00bbPoppins|300|||||||\u00bb header_3_text_color=\u00bb#005373&#8243; header_3_font_size=\u00bb18px\u00bb header_3_line_height=\u00bb1.2em\u00bb text_orientation=\u00bbcenter\u00bb hover_enabled=\u00bb0&#8243; text_font_size_tablet=\u00bb18px\u00bb text_font_size_phone=\u00bb14px\u00bb text_font_size_last_edited=\u00bbon|phone\u00bb locked=\u00bboff\u00bb global_colors_info=\u00bb{}\u00bb sticky_enabled=\u00bb0&#8243;]<\/p>\n<h2 data-sourcepos=\"11:5-11:300\">En TERRAZA &amp; CONFORT, ofrecemos una amplia gama de soluciones en suelos, combinando la innovaci\u00f3n de los suelos (compuestos) con la belleza natural de los materiales tradicionales. Nos comprometemos con el medio ambiente, ofreciendo opciones sostenibles y de bajo impacto ambiental.<\/h2>\n<h3><strong>Suelos T (composite):<\/strong> Ideales para espacios que requieren alta resistencia, durabilidad y f\u00e1cil mantenimiento. Ofrecemos una gran variedad de acabados y texturas, adapt\u00e1ndonos a las necesidades de cada proyecto.<\/h3>\n<h3><strong>Suelos naturales:<\/strong> Aportan calidez, elegancia y un toque \u00fanico a cualquier espacio. Trabajamos con maderas certificadas, piedras naturales y otros materiales sostenibles.<\/h3>\n<h3 data-sourcepos=\"16:5-16:138\">Conf\u00eda en nuestra experiencia para encontrar el suelo perfecto para tu proyecto. \u00a1Contacta con nosotros y descubre las posibilidades!<\/h3>\n<p>[\/et_pb_text][\/et_pb_column][\/et_pb_row][et_pb_row column_structure=\u00bb1_5,3_5,1_5&#8243; _builder_version=\u00bb4.27.3&#8243; _module_preset=\u00bbdefault\u00bb global_colors_info=\u00bb{}\u00bb][et_pb_column type=\u00bb1_5&#8243; _builder_version=\u00bb4.27.3&#8243; _module_preset=\u00bbdefault\u00bb global_colors_info=\u00bb{}\u00bb][\/et_pb_column][et_pb_column type=\u00bb3_5&#8243; _builder_version=\u00bb4.27.3&#8243; _module_preset=\u00bbdefault\u00bb global_colors_info=\u00bb{}\u00bb][et_pb_text _builder_version=\u00bb4.27.3&#8243; _module_preset=\u00bbdefault\u00bb text_font=\u00bbPoppins|300|||||||\u00bb text_text_color=\u00bb#005373&#8243; text_font_size=\u00bb18px\u00bb text_line_height=\u00bb1.3em\u00bb text_orientation=\u00bbcenter\u00bb text_font_size_tablet=\u00bb18px\u00bb text_font_size_phone=\u00bb14px\u00bb text_font_size_last_edited=\u00bbon|phone\u00bb locked=\u00bboff\u00bb global_colors_info=\u00bb{}\u00bb]<\/p>\n<p><strong>\u00bfTienes un proyecto en mente?<\/strong> D\u00e9janos ayudarte a hacerlo realidad. Solicita tu presupuesto y descubre nuestras soluciones a medida.<\/p>\n<p>[\/et_pb_text][et_pb_button button_url=\u00bb@ET-DC@eyJkeW5hbWljIjp0cnVlLCJjb250ZW50IjoicG9zdF9saW5rX3VybF9wYWdlIiwic2V0dGluZ3MiOnsicG9zdF9pZCI6IjUxIn19@\u00bb button_text=\u00bb\u00a1Presupuesto Ahora!\u00bb button_alignment=\u00bbcenter\u00bb _builder_version=\u00bb4.27.3&#8243; _dynamic_attributes=\u00bbbutton_url\u00bb _module_preset=\u00bbdefault\u00bb custom_button=\u00bbon\u00bb button_text_color=\u00bb#FFFFFF\u00bb button_bg_color=\u00bb#FF6A00&#8243; button_border_width=\u00bb0px\u00bb button_font=\u00bbPoppins|500|||||||\u00bb global_colors_info=\u00bb{}\u00bb][\/et_pb_button][\/et_pb_column][et_pb_column type=\u00bb1_5&#8243; _builder_version=\u00bb4.27.3&#8243; _module_preset=\u00bbdefault\u00bb global_colors_info=\u00bb{}\u00bb][\/et_pb_column][\/et_pb_row][\/et_pb_section]<\/p>\n","protected":false},"excerpt":{"rendered":"<p>SUELOS T\u00c9CNICOS\u00bfQu\u00e9 son los suelos t\u00e9cnicos? Suelos tambi\u00e9n conocidos como suelos elevados o falsos techos, son sistemas constructivos que consisten en paneles instalados sobre una estructura de soporte regulable en altura. Estos paneles forman una plataforma elevada sobre la losa original del edificio, creando un espacio vac\u00edo debajo. \u00bfQu\u00e9 es un suelo t\u00e9cnico en terraza?Un [&hellip;]<\/p>\n","protected":false},"author":1,"featured_media":968,"parent":49,"menu_order":0,"comment_status":"closed","ping_status":"closed","template":"","meta":{"_et_pb_use_builder":"on","_et_pb_old_content":"<!-- wp:divi\/placeholder \/-->","_et_gb_content_width":"","footnotes":""},"class_list":["post-259","page","type-page","status-publish","has-post-thumbnail","hentry"],"yoast_head":"<!-- This site is optimized with the Yoast SEO Premium plugin v20.2.1 (Yoast SEO v27.0) - https:\/\/yoast.com\/product\/yoast-seo-premium-wordpress\/ -->\n<title>SUELOS T\u00c9CNICOS - Terraza &amp; Confort<\/title>\n<meta name=\"description\" content=\"Suelos T\u00e9cnicos - Los suelos t\u00e9cnicos, tambi\u00e9n conocidos como suelos elevados o falsos techos, son sistemas constructivos que consisten.\" \/>\n<meta name=\"robots\" content=\"index, follow, max-snippet:-1, max-image-preview:large, max-video-preview:-1\" \/>\n<link rel=\"canonical\" href=\"https:\/\/www.terrazaconfort.com\/en\/productos\/suelos-tecnicos\/\" \/>\n<meta property=\"og:locale\" content=\"en_GB\" \/>\n<meta property=\"og:type\" content=\"article\" \/>\n<meta property=\"og:title\" content=\"Suelos T\u00e9cnicos\" \/>\n<meta property=\"og:description\" content=\"Suelos T\u00e9cnicos - Los suelos t\u00e9cnicos, tambi\u00e9n conocidos como suelos elevados o falsos techos, son sistemas constructivos que consisten.\" \/>\n<meta property=\"og:url\" content=\"https:\/\/www.terrazaconfort.com\/en\/productos\/suelos-tecnicos\/\" \/>\n<meta property=\"og:site_name\" content=\"Terraza &amp; Confort\" \/>\n<meta property=\"article:modified_time\" content=\"2025-03-29T11:48:26+00:00\" \/>\n<meta property=\"og:image\" content=\"https:\/\/www.terrazaconfort.com\/wp-content\/uploads\/2024\/12\/Terraza-Confort-Piso-Tecnico-1-min.jpg\" \/>\n\t<meta property=\"og:image:width\" content=\"1080\" \/>\n\t<meta property=\"og:image:height\" content=\"850\" \/>\n\t<meta property=\"og:image:type\" content=\"image\/jpeg\" \/>\n<meta name=\"twitter:card\" content=\"summary_large_image\" \/>\n<meta name=\"twitter:label1\" content=\"Estimated reading time\" \/>\n\t<meta name=\"twitter:data1\" content=\"2 minutes\" \/>\n<script type=\"application\/ld+json\" class=\"yoast-schema-graph\">{\"@context\":\"https:\/\/schema.org\",\"@graph\":[{\"@type\":\"WebPage\",\"@id\":\"https:\/\/www.terrazaconfort.com\/productos\/suelos-tecnicos\/\",\"url\":\"https:\/\/www.terrazaconfort.com\/productos\/suelos-tecnicos\/\",\"name\":\"SUELOS T\u00c9CNICOS - Terraza &amp; Confort\",\"isPartOf\":{\"@id\":\"https:\/\/www.terrazaconfort.com\/#website\"},\"primaryImageOfPage\":{\"@id\":\"https:\/\/www.terrazaconfort.com\/productos\/suelos-tecnicos\/#primaryimage\"},\"image\":{\"@id\":\"https:\/\/www.terrazaconfort.com\/productos\/suelos-tecnicos\/#primaryimage\"},\"thumbnailUrl\":\"https:\/\/www.terrazaconfort.com\/wp-content\/uploads\/2024\/12\/Terraza-Confort-Piso-Tecnico-1-min.jpg\",\"datePublished\":\"2024-11-21T15:24:15+00:00\",\"dateModified\":\"2025-03-29T11:48:26+00:00\",\"description\":\"Suelos T\u00e9cnicos - Los suelos t\u00e9cnicos, tambi\u00e9n conocidos como suelos elevados o falsos techos, son sistemas constructivos que consisten.\",\"breadcrumb\":{\"@id\":\"https:\/\/www.terrazaconfort.com\/productos\/suelos-tecnicos\/#breadcrumb\"},\"inLanguage\":\"en-GB\",\"potentialAction\":[{\"@type\":\"ReadAction\",\"target\":[\"https:\/\/www.terrazaconfort.com\/productos\/suelos-tecnicos\/\"]}]},{\"@type\":\"ImageObject\",\"inLanguage\":\"en-GB\",\"@id\":\"https:\/\/www.terrazaconfort.com\/productos\/suelos-tecnicos\/#primaryimage\",\"url\":\"https:\/\/www.terrazaconfort.com\/wp-content\/uploads\/2024\/12\/Terraza-Confort-Piso-Tecnico-1-min.jpg\",\"contentUrl\":\"https:\/\/www.terrazaconfort.com\/wp-content\/uploads\/2024\/12\/Terraza-Confort-Piso-Tecnico-1-min.jpg\",\"width\":1080,\"height\":850,\"caption\":\"Suelos T\u00e9cnicos, tambi\u00e9n conocidos como suelos elevados o falsos techos, son sistemas constructivos que consisten en paneles instalados sobre una estructura de soporte regulable en altura. Estos paneles forman una plataforma elevada sobre la losa original del edificio, creando un espacio vac\u00edo debajo.\"},{\"@type\":\"BreadcrumbList\",\"@id\":\"https:\/\/www.terrazaconfort.com\/productos\/suelos-tecnicos\/#breadcrumb\",\"itemListElement\":[{\"@type\":\"ListItem\",\"position\":1,\"name\":\"Home\",\"item\":\"https:\/\/www.terrazaconfort.com\/\"},{\"@type\":\"ListItem\",\"position\":2,\"name\":\"Productos\",\"item\":\"https:\/\/www.terrazaconfort.com\/productos\/\"},{\"@type\":\"ListItem\",\"position\":3,\"name\":\"Suelos T\u00e9cnicos\"}]},{\"@type\":\"WebSite\",\"@id\":\"https:\/\/www.terrazaconfort.com\/#website\",\"url\":\"https:\/\/www.terrazaconfort.com\/\",\"name\":\"Terraza & Confort - Terrazas Que Inspiran Momentos Unicos\",\"description\":\"Terrazas Que Inspiran Momentos Unicos\",\"publisher\":{\"@id\":\"https:\/\/www.terrazaconfort.com\/#organization\"},\"alternateName\":\"Terraza & Confort - M\u00e1laga\",\"potentialAction\":[{\"@type\":\"SearchAction\",\"target\":{\"@type\":\"EntryPoint\",\"urlTemplate\":\"https:\/\/www.terrazaconfort.com\/?s={search_term_string}\"},\"query-input\":{\"@type\":\"PropertyValueSpecification\",\"valueRequired\":true,\"valueName\":\"search_term_string\"}}],\"inLanguage\":\"en-GB\"},{\"@type\":\"Organization\",\"@id\":\"https:\/\/www.terrazaconfort.com\/#organization\",\"name\":\"Terraza & Confort\",\"url\":\"https:\/\/www.terrazaconfort.com\/\",\"logo\":{\"@type\":\"ImageObject\",\"inLanguage\":\"en-GB\",\"@id\":\"https:\/\/www.terrazaconfort.com\/#\/schema\/logo\/image\/\",\"url\":\"https:\/\/www.terrazaconfort.com\/wp-content\/uploads\/2024\/12\/TERRAZA-Y-CONFORT.png\",\"contentUrl\":\"https:\/\/www.terrazaconfort.com\/wp-content\/uploads\/2024\/12\/TERRAZA-Y-CONFORT.png\",\"width\":1080,\"height\":1080,\"caption\":\"Terraza & Confort\"},\"image\":{\"@id\":\"https:\/\/www.terrazaconfort.com\/#\/schema\/logo\/image\/\"},\"sameAs\":[\"https:\/\/www.instagram.com\/terrazaconfort\/\"]}]}<\/script>\n<!-- \/ Yoast SEO Premium plugin. -->","yoast_head_json":{"title":"SUELOS T\u00c9CNICOS - Terraza &amp; Confort","description":"Suelos T\u00e9cnicos - Los suelos t\u00e9cnicos, tambi\u00e9n conocidos como suelos elevados o falsos techos, son sistemas constructivos que consisten.","robots":{"index":"index","follow":"follow","max-snippet":"max-snippet:-1","max-image-preview":"max-image-preview:large","max-video-preview":"max-video-preview:-1"},"canonical":"https:\/\/www.terrazaconfort.com\/en\/productos\/suelos-tecnicos\/","og_locale":"en_GB","og_type":"article","og_title":"Suelos T\u00e9cnicos","og_description":"Suelos T\u00e9cnicos - Los suelos t\u00e9cnicos, tambi\u00e9n conocidos como suelos elevados o falsos techos, son sistemas constructivos que consisten.","og_url":"https:\/\/www.terrazaconfort.com\/en\/productos\/suelos-tecnicos\/","og_site_name":"Terraza &amp; Confort","article_modified_time":"2025-03-29T11:48:26+00:00","og_image":[{"width":1080,"height":850,"url":"https:\/\/www.terrazaconfort.com\/wp-content\/uploads\/2024\/12\/Terraza-Confort-Piso-Tecnico-1-min.jpg","type":"image\/jpeg"}],"twitter_card":"summary_large_image","twitter_misc":{"Estimated reading time":"2 minutes"},"schema":{"@context":"https:\/\/schema.org","@graph":[{"@type":"WebPage","@id":"https:\/\/www.terrazaconfort.com\/productos\/suelos-tecnicos\/","url":"https:\/\/www.terrazaconfort.com\/productos\/suelos-tecnicos\/","name":"SUELOS T\u00c9CNICOS - Terraza &amp; Confort","isPartOf":{"@id":"https:\/\/www.terrazaconfort.com\/#website"},"primaryImageOfPage":{"@id":"https:\/\/www.terrazaconfort.com\/productos\/suelos-tecnicos\/#primaryimage"},"image":{"@id":"https:\/\/www.terrazaconfort.com\/productos\/suelos-tecnicos\/#primaryimage"},"thumbnailUrl":"https:\/\/www.terrazaconfort.com\/wp-content\/uploads\/2024\/12\/Terraza-Confort-Piso-Tecnico-1-min.jpg","datePublished":"2024-11-21T15:24:15+00:00","dateModified":"2025-03-29T11:48:26+00:00","description":"Suelos T\u00e9cnicos - Los suelos t\u00e9cnicos, tambi\u00e9n conocidos como suelos elevados o falsos techos, son sistemas constructivos que consisten.","breadcrumb":{"@id":"https:\/\/www.terrazaconfort.com\/productos\/suelos-tecnicos\/#breadcrumb"},"inLanguage":"en-GB","potentialAction":[{"@type":"ReadAction","target":["https:\/\/www.terrazaconfort.com\/productos\/suelos-tecnicos\/"]}]},{"@type":"ImageObject","inLanguage":"en-GB","@id":"https:\/\/www.terrazaconfort.com\/productos\/suelos-tecnicos\/#primaryimage","url":"https:\/\/www.terrazaconfort.com\/wp-content\/uploads\/2024\/12\/Terraza-Confort-Piso-Tecnico-1-min.jpg","contentUrl":"https:\/\/www.terrazaconfort.com\/wp-content\/uploads\/2024\/12\/Terraza-Confort-Piso-Tecnico-1-min.jpg","width":1080,"height":850,"caption":"Suelos T\u00e9cnicos, tambi\u00e9n conocidos como suelos elevados o falsos techos, son sistemas constructivos que consisten en paneles instalados sobre una estructura de soporte regulable en altura. Estos paneles forman una plataforma elevada sobre la losa original del edificio, creando un espacio vac\u00edo debajo."},{"@type":"BreadcrumbList","@id":"https:\/\/www.terrazaconfort.com\/productos\/suelos-tecnicos\/#breadcrumb","itemListElement":[{"@type":"ListItem","position":1,"name":"Home","item":"https:\/\/www.terrazaconfort.com\/"},{"@type":"ListItem","position":2,"name":"Productos","item":"https:\/\/www.terrazaconfort.com\/productos\/"},{"@type":"ListItem","position":3,"name":"Suelos T\u00e9cnicos"}]},{"@type":"WebSite","@id":"https:\/\/www.terrazaconfort.com\/#website","url":"https:\/\/www.terrazaconfort.com\/","name":"Terraza & Confort - Terrazas Que Inspiran Momentos Unicos","description":"Terrazas Que Inspiran Momentos Unicos","publisher":{"@id":"https:\/\/www.terrazaconfort.com\/#organization"},"alternateName":"Terraza & Confort - M\u00e1laga","potentialAction":[{"@type":"SearchAction","target":{"@type":"EntryPoint","urlTemplate":"https:\/\/www.terrazaconfort.com\/?s={search_term_string}"},"query-input":{"@type":"PropertyValueSpecification","valueRequired":true,"valueName":"search_term_string"}}],"inLanguage":"en-GB"},{"@type":"Organization","@id":"https:\/\/www.terrazaconfort.com\/#organization","name":"Terraza & Confort","url":"https:\/\/www.terrazaconfort.com\/","logo":{"@type":"ImageObject","inLanguage":"en-GB","@id":"https:\/\/www.terrazaconfort.com\/#\/schema\/logo\/image\/","url":"https:\/\/www.terrazaconfort.com\/wp-content\/uploads\/2024\/12\/TERRAZA-Y-CONFORT.png","contentUrl":"https:\/\/www.terrazaconfort.com\/wp-content\/uploads\/2024\/12\/TERRAZA-Y-CONFORT.png","width":1080,"height":1080,"caption":"Terraza & Confort"},"image":{"@id":"https:\/\/www.terrazaconfort.com\/#\/schema\/logo\/image\/"},"sameAs":["https:\/\/www.instagram.com\/terrazaconfort\/"]}]}},"_links":{"self":[{"href":"https:\/\/www.terrazaconfort.com\/en\/wp-json\/wp\/v2\/pages\/259","targetHints":{"allow":["GET"]}}],"collection":[{"href":"https:\/\/www.terrazaconfort.com\/en\/wp-json\/wp\/v2\/pages"}],"about":[{"href":"https:\/\/www.terrazaconfort.com\/en\/wp-json\/wp\/v2\/types\/page"}],"author":[{"embeddable":true,"href":"https:\/\/www.terrazaconfort.com\/en\/wp-json\/wp\/v2\/users\/1"}],"replies":[{"embeddable":true,"href":"https:\/\/www.terrazaconfort.com\/en\/wp-json\/wp\/v2\/comments?post=259"}],"version-history":[{"count":17,"href":"https:\/\/www.terrazaconfort.com\/en\/wp-json\/wp\/v2\/pages\/259\/revisions"}],"predecessor-version":[{"id":1259,"href":"https:\/\/www.terrazaconfort.com\/en\/wp-json\/wp\/v2\/pages\/259\/revisions\/1259"}],"up":[{"embeddable":true,"href":"https:\/\/www.terrazaconfort.com\/en\/wp-json\/wp\/v2\/pages\/49"}],"wp:featuredmedia":[{"embeddable":true,"href":"https:\/\/www.terrazaconfort.com\/en\/wp-json\/wp\/v2\/media\/968"}],"wp:attachment":[{"href":"https:\/\/www.terrazaconfort.com\/en\/wp-json\/wp\/v2\/media?parent=259"}],"curies":[{"name":"wp","href":"https:\/\/api.w.org\/{rel}","templated":true}]}}