{"id":261,"date":"2024-11-21T16:24:37","date_gmt":"2024-11-21T15:24:37","guid":{"rendered":"https:\/\/www.terrazaconfort.com\/?page_id=261"},"modified":"2025-03-29T12:47:38","modified_gmt":"2025-03-29T11:47:38","slug":"mampara","status":"publish","type":"page","link":"https:\/\/www.terrazaconfort.com\/en\/productos\/mampara\/","title":{"rendered":"Screen"},"content":{"rendered":"\n[et_pb_section fb_built=\u00bb1&#8243; _builder_version=\u00bb4.27.3&#8243; _module_preset=\u00bbdefault\u00bb locked=\u00bboff\u00bb global_colors_info=\u00bb{}\u00bb][et_pb_row _builder_version=\u00bb4.27.3&#8243; _module_preset=\u00bbdefault\u00bb locked=\u00bboff\u00bb global_colors_info=\u00bb{}\u00bb][et_pb_column type=\u00bb4_4&#8243; saved_specialty_column_type=\u00bb1_2&#8243; _builder_version=\u00bb4.27.3&#8243; _module_preset=\u00bbdefault\u00bb global_colors_info=\u00bb{}\u00bb][et_pb_text _builder_version=\u00bb4.27.4&#8243; _module_preset=\u00bbdefault\u00bb text_font=\u00bbPoppins|600|||||||\u00bb text_text_color=\u00bb#FF6A00&#8243; text_font_size=\u00bb40px\u00bb text_letter_spacing=\u00bb3px\u00bb text_line_height=\u00bb1em\u00bb header_font=\u00bbPoppins|600|||||||\u00bb header_text_color=\u00bb#FF6A00&#8243; header_font_size=\u00bb40px\u00bb text_orientation=\u00bbcenter\u00bb text_font_size_tablet=\u00bb40px\u00bb text_font_size_phone=\u00bb33px\u00bb text_font_size_last_edited=\u00bbon|phone\u00bb locked=\u00bboff\u00bb global_colors_info=\u00bb{}\u00bb]<h1>MAMPARAS<\/h1>[\/et_pb_text][et_pb_text _builder_version=\u00bb4.27.4&#8243; _module_preset=\u00bbdefault\u00bb text_font=\u00bbPoppins|300|||||||\u00bb text_text_color=\u00bb#005373&#8243; text_font_size=\u00bb18px\u00bb text_line_height=\u00bb1.3em\u00bb header_2_font=\u00bbPoppins|300|||||||\u00bb header_2_text_color=\u00bb#005373&#8243; header_2_font_size=\u00bb18px\u00bb header_3_font=\u00bbPoppins|300|||||||\u00bb header_3_text_color=\u00bb#005373&#8243; header_3_font_size=\u00bb18px\u00bb text_orientation=\u00bbcenter\u00bb hover_enabled=\u00bb0&#8243; text_font_size_tablet=\u00bb18px\u00bb text_font_size_phone=\u00bb14px\u00bb text_font_size_last_edited=\u00bbon|phone\u00bb locked=\u00bboff\u00bb global_colors_info=\u00bb{}\u00bb sticky_enabled=\u00bb0&#8243;]<h2>\u00bfQu\u00e9 es una mampara?<br \/>Una mampara es una estructura, generalmente transparente o transl\u00facida, que se utiliza para dividir un espacio en \u00e1reas m\u00e1s peque\u00f1as. Su funci\u00f3n principal es separar ambientes, pero tambi\u00e9n puede servir como elemento decorativo <a href=\"https:\/\/es.wikipedia.org\/wiki\/Mampara_de_ba%C3%B1o\">y funcional.<\/a><\/h2>\n<h3><a href=\"https:\/\/es.wikipedia.org\/wiki\/Mampara_de_ba%C3%B1o\">Mampara de ba\u00f1o<\/a>: Son las m\u00e1s comunes y se utilizan para separar la ducha o ba\u00f1era del resto del ba\u00f1o. Pueden ser de vidrio templado, acr\u00edlico o pl\u00e1stico, y se ofrecen en una amplia variedad de dise\u00f1os y acabados.<\/h3>[\/et_pb_text][\/et_pb_column][\/et_pb_row][et_pb_row column_structure=\u00bb1_3,1_3,1_3&#8243; _builder_version=\u00bb4.27.3&#8243; _module_preset=\u00bbdefault\u00bb locked=\u00bboff\u00bb global_colors_info=\u00bb{}\u00bb][et_pb_column type=\u00bb1_3&#8243; _builder_version=\u00bb4.27.3&#8243; _module_preset=\u00bbdefault\u00bb global_colors_info=\u00bb{}\u00bb][ba_flipbox front_media_type=\u00bbimage\u00bb front_img=\u00bbhttps:\/\/www.terrazaconfort.com\/wp-content\/uploads\/2024\/11\/Mamparas-Bano-3-min.jpg\u00bb front_title=\u00bbMamparas Ba\u00f1o Blancas\u00bb back_media_type=\u00bbnone\u00bb back_description=\u00bbLas mamparas de ba\u00f1o blancas son una elecci\u00f3n cl\u00e1sica y atemporal que aporta luminosidad y amplitud a cualquier &#8230;\u00bb use_button=\u00bbon\u00bb button_text=\u00bbPresupuesto\u00bb button_link=\u00bb@ET-DC@eyJkeW5hbWljIjp0cnVlLCJjb250ZW50IjoicG9zdF9saW5rX3VybF9wYWdlIiwic2V0dGluZ3MiOnsicG9zdF9pZCI6IjUxIn19@\u00bb animation_3d=\u00bbon\u00bb front_padding=\u00bb12px|0px|0px|0px|false|false\u00bb front_ct_padding=\u00bb||12px||false|false\u00bb back_padding=\u00bb0px|0px|0px|0px\u00bb front_img_height=\u00bb235px\u00bb front_img_width=\u00bb300px\u00bb back_img_height=\u00bb120px\u00bb back_img_width=\u00bb120px\u00bb back_bg_color=\u00bb#005373&#8243; front_bg_color=\u00bb#ffffff\u00bb front_desc_spacing=\u00bb10px\u00bb back_desc_spacing=\u00bb10px\u00bb _builder_version=\u00bb4.27.4&#8243; _dynamic_attributes=\u00bbbutton_link\u00bb _module_preset=\u00bbdefault\u00bb front_title_font=\u00bbPoppins||||||||\u00bb front_title_text_color=\u00bb#005373&#8243; front_title_font_size=\u00bb1.4rem\u00bb front_description_font_size=\u00bb1rem\u00bb back_title_font=\u00bbPoppins||||||||\u00bb back_title_text_color=\u00bb#ffffff\u00bb back_title_font_size=\u00bb1.5rem\u00bb back_description_text_color=\u00bb#ffffff\u00bb back_description_font_size=\u00bb1rem\u00bb custom_back_btn=\u00bbon\u00bb back_btn_text_color=\u00bb#005373&#8243; back_btn_bg_color=\u00bb#FFFFFF\u00bb back_btn_border_color=\u00bb#FFFFFF\u00bb back_btn_border_radius=\u00bb3px\u00bb back_btn_font=\u00bbPoppins|300|||||||\u00bb back_btn_icon=\u00bb&#x24;||divi||400&#8243; back_btn_icon_placement=\u00bbleft\u00bb back_btn_on_hover=\u00bboff\u00bb border_radii_card=\u00bbon|9px|9px|9px|9px\u00bb border_color_all_card=\u00bbRGBA(255,255,255,0)\u00bb border_radii_front_media=\u00bbon|8px|8px|8px|8px\u00bb box_shadow_style_card=\u00bbpreset3&#8243; locked=\u00bboff\u00bb global_colors_info=\u00bb{}\u00bb][\/ba_flipbox][\/et_pb_column][et_pb_column type=\u00bb1_3&#8243; _builder_version=\u00bb4.27.3&#8243; _module_preset=\u00bbdefault\u00bb global_colors_info=\u00bb{}\u00bb][ba_flipbox front_media_type=\u00bbimage\u00bb front_img=\u00bbhttps:\/\/www.terrazaconfort.com\/wp-content\/uploads\/2024\/11\/Mamparas-Bano-4-min.jpg\u00bb front_title=\u00bbMamparas Ba\u00f1o Exterior\u00bb back_media_type=\u00bbnone\u00bb back_description=\u00bbMamparas de Ba\u00f1o Exterior: Disfruta de la Naturaleza en tu Ducha Las mamparas de ba\u00f1o exterior est\u00e1n ganando popularidad debido a la creciente tendencia de conectar con la naturaleza &#8230;\u00bb use_button=\u00bbon\u00bb button_text=\u00bbPresupuesto\u00bb button_link=\u00bb@ET-DC@eyJkeW5hbWljIjp0cnVlLCJjb250ZW50IjoicG9zdF9saW5rX3VybF9wYWdlIiwic2V0dGluZ3MiOnsicG9zdF9pZCI6IjUxIn19@\u00bb animation_3d=\u00bbon\u00bb front_padding=\u00bb12px|0px|0px|0px|false|false\u00bb front_ct_padding=\u00bb||12px||false|false\u00bb back_padding=\u00bb0px|0px|0px|0px\u00bb front_img_height=\u00bb235px\u00bb front_img_width=\u00bb300px\u00bb back_img_height=\u00bb120px\u00bb back_img_width=\u00bb120px\u00bb back_bg_color=\u00bb#005373&#8243; front_bg_color=\u00bb#ffffff\u00bb front_desc_spacing=\u00bb10px\u00bb back_desc_spacing=\u00bb10px\u00bb _builder_version=\u00bb4.27.4&#8243; _dynamic_attributes=\u00bbbutton_link\u00bb _module_preset=\u00bbdefault\u00bb front_title_font=\u00bbPoppins||||||||\u00bb front_title_text_color=\u00bb#005373&#8243; front_title_font_size=\u00bb1.4rem\u00bb front_description_font_size=\u00bb1rem\u00bb back_title_font=\u00bbPoppins||||||||\u00bb back_title_text_color=\u00bb#ffffff\u00bb back_title_font_size=\u00bb1.5rem\u00bb back_description_text_color=\u00bb#ffffff\u00bb back_description_font_size=\u00bb1rem\u00bb custom_back_btn=\u00bbon\u00bb back_btn_text_color=\u00bb#005373&#8243; back_btn_bg_color=\u00bb#FFFFFF\u00bb back_btn_border_color=\u00bb#FFFFFF\u00bb back_btn_border_radius=\u00bb3px\u00bb back_btn_font=\u00bbPoppins|300|||||||\u00bb back_btn_icon=\u00bb&#x24;||divi||400&#8243; back_btn_icon_placement=\u00bbleft\u00bb back_btn_on_hover=\u00bboff\u00bb border_radii_card=\u00bbon|9px|9px|9px|9px\u00bb border_color_all_card=\u00bbRGBA(255,255,255,0)\u00bb border_radii_front_media=\u00bbon|8px|8px|8px|8px\u00bb box_shadow_style_card=\u00bbpreset3&#8243; locked=\u00bboff\u00bb global_colors_info=\u00bb{}\u00bb][\/ba_flipbox][\/et_pb_column][et_pb_column type=\u00bb1_3&#8243; _builder_version=\u00bb4.27.3&#8243; _module_preset=\u00bbdefault\u00bb global_colors_info=\u00bb{}\u00bb][ba_flipbox front_media_type=\u00bbimage\u00bb front_img=\u00bbhttps:\/\/www.terrazaconfort.com\/wp-content\/uploads\/2024\/11\/Mamparas-Bano-2-min.jpg\u00bb front_title=\u00bbMamparas Ba\u00f1o Negras \u00bb back_media_type=\u00bbnone\u00bb back_description=\u00bbLas mamparas de ba\u00f1o negras se han convertido en una tendencia en dise\u00f1o de interiores, aportando un toque de sofisticaci\u00f3n &#8230;\u00bb use_button=\u00bbon\u00bb button_text=\u00bbPresupuesto\u00bb button_link=\u00bb@ET-DC@eyJkeW5hbWljIjp0cnVlLCJjb250ZW50IjoicG9zdF9saW5rX3VybF9wYWdlIiwic2V0dGluZ3MiOnsicG9zdF9pZCI6IjUxIn19@\u00bb animation_3d=\u00bbon\u00bb front_padding=\u00bb12px|0px|0px|0px|false|false\u00bb front_ct_padding=\u00bb||12px||false|false\u00bb back_padding=\u00bb0px|0px|0px|0px\u00bb front_img_height=\u00bb235px\u00bb front_img_width=\u00bb300px\u00bb back_img_height=\u00bb120px\u00bb back_img_width=\u00bb120px\u00bb back_bg_color=\u00bb#005373&#8243; front_bg_color=\u00bb#ffffff\u00bb front_desc_spacing=\u00bb10px\u00bb back_desc_spacing=\u00bb10px\u00bb _builder_version=\u00bb4.27.4&#8243; _dynamic_attributes=\u00bbbutton_link\u00bb _module_preset=\u00bbdefault\u00bb front_title_font=\u00bbPoppins||||||||\u00bb front_title_text_color=\u00bb#005373&#8243; front_title_font_size=\u00bb1.4rem\u00bb front_description_font_size=\u00bb1rem\u00bb back_title_font=\u00bbPoppins||||||||\u00bb back_title_text_color=\u00bb#ffffff\u00bb back_title_font_size=\u00bb1.5rem\u00bb back_description_text_color=\u00bb#ffffff\u00bb back_description_font_size=\u00bb1rem\u00bb custom_back_btn=\u00bbon\u00bb back_btn_text_color=\u00bb#005373&#8243; back_btn_bg_color=\u00bb#FFFFFF\u00bb back_btn_border_color=\u00bb#FFFFFF\u00bb back_btn_border_radius=\u00bb3px\u00bb back_btn_font=\u00bbPoppins|300|||||||\u00bb back_btn_icon=\u00bb&#x24;||divi||400&#8243; back_btn_icon_placement=\u00bbleft\u00bb back_btn_on_hover=\u00bboff\u00bb border_radii_card=\u00bbon|9px|9px|9px|9px\u00bb border_color_all_card=\u00bbRGBA(255,255,255,0)\u00bb border_radii_front_media=\u00bbon|8px|8px|8px|8px\u00bb box_shadow_style_card=\u00bbpreset3&#8243; locked=\u00bboff\u00bb global_colors_info=\u00bb{}\u00bb][\/ba_flipbox][\/et_pb_column][\/et_pb_row][et_pb_row _builder_version=\u00bb4.27.4&#8243; _module_preset=\u00bbdefault\u00bb][et_pb_column _builder_version=\u00bb4.27.4&#8243; _module_preset=\u00bbdefault\u00bb type=\u00bb4_4&#8243;][et_pb_text _builder_version=\u00bb4.27.4&#8243; _module_preset=\u00bbdefault\u00bb text_font=\u00bbPoppins|300|||||||\u00bb text_text_color=\u00bb#005373&#8243; text_font_size=\u00bb18px\u00bb text_line_height=\u00bb1.3em\u00bb header_2_font=\u00bbPoppins|300|||||||\u00bb header_2_text_color=\u00bb#005373&#8243; header_2_font_size=\u00bb18px\u00bb header_3_font=\u00bbPoppins|300|||||||\u00bb header_3_text_color=\u00bb#005373&#8243; header_3_font_size=\u00bb18px\u00bb text_orientation=\u00bbcenter\u00bb hover_enabled=\u00bb0&#8243; text_font_size_tablet=\u00bb18px\u00bb text_font_size_phone=\u00bb14px\u00bb text_font_size_last_edited=\u00bbon|phone\u00bb locked=\u00bboff\u00bb global_colors_info=\u00bb{}\u00bb sticky_enabled=\u00bb0&#8243; header_3_line_height=\u00bb1.2em\u00bb]<h3 data-sourcepos=\"19:5-19:410\">Ofrecemos soluciones integrales en mamparas para ba\u00f1os, adapt\u00e1ndonos a cualquier espacio, ya sea interior o exterior. Nos especializamos en la creaci\u00f3n de mamparas a medida que optimizan el espacio, mejoran la funcionalidad y aportan un toque de estilo. Trabajamos con una amplia variedad de materiales y acabados para ofrecerte la soluci\u00f3n perfecta. Nuestras mamparas son ideales para:<\/h3>\n<h3><strong>Ba\u00f1os interiores:<\/strong> Optimizamos el espacio y creamos ambientes modernos y funcionales.<\/h3>\n<h3><strong>Ba\u00f1os exteriores (Ej. piscinas, jardines):<\/strong> Ofrecemos soluciones resistentes a la intemperie que combinan est\u00e9tica y durabilidad.<\/h3>\n<h3 data-sourcepos=\"24:5-24:202\">Si buscas una mampara que se ajuste a tus necesidades y supere tus expectativas, conf\u00eda en la experiencia de TERRAZA &amp; CONFORT. \u00a1Contacta con nosotros para obtener un presupuesto personalizado!\u00bb<\/h3>[\/et_pb_text][\/et_pb_column][\/et_pb_row][et_pb_row column_structure=\u00bb1_5,3_5,1_5&#8243; _builder_version=\u00bb4.27.3&#8243; _module_preset=\u00bbdefault\u00bb locked=\u00bboff\u00bb global_colors_info=\u00bb{}\u00bb][et_pb_column type=\u00bb1_5&#8243; _builder_version=\u00bb4.27.3&#8243; _module_preset=\u00bbdefault\u00bb global_colors_info=\u00bb{}\u00bb][\/et_pb_column][et_pb_column type=\u00bb3_5&#8243; _builder_version=\u00bb4.27.3&#8243; _module_preset=\u00bbdefault\u00bb global_colors_info=\u00bb{}\u00bb][et_pb_text _builder_version=\u00bb4.27.4&#8243; _module_preset=\u00bbdefault\u00bb text_font=\u00bbPoppins|300|||||||\u00bb text_text_color=\u00bb#005373&#8243; text_font_size=\u00bb18px\u00bb text_line_height=\u00bb1.3em\u00bb header_3_font=\u00bbPoppins|300|||||||\u00bb header_3_text_color=\u00bb#005373&#8243; header_3_font_size=\u00bb18px\u00bb text_orientation=\u00bbcenter\u00bb text_font_size_tablet=\u00bb18px\u00bb text_font_size_phone=\u00bb14px\u00bb text_font_size_last_edited=\u00bbon|phone\u00bb locked=\u00bboff\u00bb global_colors_info=\u00bb{}\u00bb]<h3><strong>\u00bfTienes un proyecto en mente?<\/strong> D\u00e9janos ayudarte a hacerlo realidad. Solicita tu presupuesto y descubre nuestras soluciones a medida.<\/h3>[\/et_pb_text][et_pb_button button_url=\u00bb@ET-DC@eyJkeW5hbWljIjp0cnVlLCJjb250ZW50IjoicG9zdF9saW5rX3VybF9wYWdlIiwic2V0dGluZ3MiOnsicG9zdF9pZCI6IjUxIn19@\u00bb button_text=\u00bb\u00a1Presupuesto Ahora!\u00bb button_alignment=\u00bbcenter\u00bb _builder_version=\u00bb4.27.3&#8243; _dynamic_attributes=\u00bbbutton_url\u00bb _module_preset=\u00bbdefault\u00bb custom_button=\u00bbon\u00bb button_text_color=\u00bb#FFFFFF\u00bb button_bg_color=\u00bb#FF6A00&#8243; button_border_width=\u00bb0px\u00bb button_font=\u00bbPoppins|500|||||||\u00bb global_colors_info=\u00bb{}\u00bb][\/et_pb_button][\/et_pb_column][et_pb_column type=\u00bb1_5&#8243; _builder_version=\u00bb4.27.3&#8243; _module_preset=\u00bbdefault\u00bb global_colors_info=\u00bb{}\u00bb][\/et_pb_column][\/et_pb_row][\/et_pb_section]\n","protected":false},"excerpt":{"rendered":"<p>MAMPARAS\u00bfQu\u00e9 es una mampara?Una mampara es una estructura, generalmente transparente o transl\u00facida, que se utiliza para dividir un espacio en \u00e1reas m\u00e1s peque\u00f1as. Su funci\u00f3n principal es separar ambientes, pero tambi\u00e9n puede servir como elemento decorativo y funcional. Mampara de ba\u00f1o: Son las m\u00e1s comunes y se utilizan para separar la ducha o ba\u00f1era del [&hellip;]<\/p>\n","protected":false},"author":1,"featured_media":390,"parent":49,"menu_order":0,"comment_status":"closed","ping_status":"closed","template":"","meta":{"_et_pb_use_builder":"on","_et_pb_old_content":"<!-- wp:divi\/placeholder \/-->","_et_gb_content_width":"","footnotes":""},"class_list":["post-261","page","type-page","status-publish","has-post-thumbnail","hentry"],"yoast_head":"<!-- This site is optimized with the Yoast SEO Premium plugin v20.2.1 (Yoast SEO v27.4) - https:\/\/yoast.com\/product\/yoast-seo-premium-wordpress\/ -->\n<title>MAMPARA - Terraza &amp; Confort<\/title>\n<meta name=\"description\" content=\"MAMPARA - Son las m\u00e1s comunes y se utilizan para separar la ducha o ba\u00f1era del resto del ba\u00f1o. Su funci\u00f3n principal es separar ambientes.\" \/>\n<meta name=\"robots\" content=\"index, follow, max-snippet:-1, max-image-preview:large, max-video-preview:-1\" \/>\n<link rel=\"canonical\" href=\"https:\/\/www.terrazaconfort.com\/en\/productos\/mampara\/\" \/>\n<meta property=\"og:locale\" content=\"en_GB\" \/>\n<meta property=\"og:type\" content=\"article\" \/>\n<meta property=\"og:title\" content=\"Mampara\" \/>\n<meta property=\"og:description\" content=\"MAMPARA - Son las m\u00e1s comunes y se utilizan para separar la ducha o ba\u00f1era del resto del ba\u00f1o. Su funci\u00f3n principal es separar ambientes.\" \/>\n<meta property=\"og:url\" content=\"https:\/\/www.terrazaconfort.com\/en\/productos\/mampara\/\" \/>\n<meta property=\"og:site_name\" content=\"Terraza &amp; Confort\" \/>\n<meta property=\"article:modified_time\" content=\"2025-03-29T11:47:38+00:00\" \/>\n<meta property=\"og:image\" content=\"https:\/\/www.terrazaconfort.com\/wp-content\/uploads\/2024\/11\/Mamparas-Bano-3-min.jpg\" \/>\n\t<meta property=\"og:image:width\" content=\"1080\" \/>\n\t<meta property=\"og:image:height\" content=\"850\" \/>\n\t<meta property=\"og:image:type\" content=\"image\/jpeg\" \/>\n<meta name=\"twitter:card\" content=\"summary_large_image\" \/>\n<meta name=\"twitter:label1\" content=\"Estimated reading time\" \/>\n\t<meta name=\"twitter:data1\" content=\"3 minutes\" \/>\n<script type=\"application\/ld+json\" class=\"yoast-schema-graph\">{\"@context\":\"https:\\\/\\\/schema.org\",\"@graph\":[{\"@type\":\"WebPage\",\"@id\":\"https:\\\/\\\/www.terrazaconfort.com\\\/productos\\\/mampara\\\/\",\"url\":\"https:\\\/\\\/www.terrazaconfort.com\\\/productos\\\/mampara\\\/\",\"name\":\"MAMPARA - Terraza &amp; Confort\",\"isPartOf\":{\"@id\":\"https:\\\/\\\/www.terrazaconfort.com\\\/#website\"},\"primaryImageOfPage\":{\"@id\":\"https:\\\/\\\/www.terrazaconfort.com\\\/productos\\\/mampara\\\/#primaryimage\"},\"image\":{\"@id\":\"https:\\\/\\\/www.terrazaconfort.com\\\/productos\\\/mampara\\\/#primaryimage\"},\"thumbnailUrl\":\"https:\\\/\\\/www.terrazaconfort.com\\\/wp-content\\\/uploads\\\/2024\\\/11\\\/Mamparas-Bano-3-min.jpg\",\"datePublished\":\"2024-11-21T15:24:37+00:00\",\"dateModified\":\"2025-03-29T11:47:38+00:00\",\"description\":\"MAMPARA - Son las m\u00e1s comunes y se utilizan para separar la ducha o ba\u00f1era del resto del ba\u00f1o. Su funci\u00f3n principal es separar ambientes.\",\"breadcrumb\":{\"@id\":\"https:\\\/\\\/www.terrazaconfort.com\\\/productos\\\/mampara\\\/#breadcrumb\"},\"inLanguage\":\"en-GB\",\"potentialAction\":[{\"@type\":\"ReadAction\",\"target\":[\"https:\\\/\\\/www.terrazaconfort.com\\\/productos\\\/mampara\\\/\"]}]},{\"@type\":\"ImageObject\",\"inLanguage\":\"en-GB\",\"@id\":\"https:\\\/\\\/www.terrazaconfort.com\\\/productos\\\/mampara\\\/#primaryimage\",\"url\":\"https:\\\/\\\/www.terrazaconfort.com\\\/wp-content\\\/uploads\\\/2024\\\/11\\\/Mamparas-Bano-3-min.jpg\",\"contentUrl\":\"https:\\\/\\\/www.terrazaconfort.com\\\/wp-content\\\/uploads\\\/2024\\\/11\\\/Mamparas-Bano-3-min.jpg\",\"width\":1080,\"height\":850,\"caption\":\"Mamparas de ba\u00f1o: Son las m\u00e1s comunes y se utilizan para separar la ducha o ba\u00f1era del resto del ba\u00f1o. Pueden ser de vidrio templado, acr\u00edlico o pl\u00e1stico, y se ofrecen en una amplia variedad de dise\u00f1os y acabados.\"},{\"@type\":\"BreadcrumbList\",\"@id\":\"https:\\\/\\\/www.terrazaconfort.com\\\/productos\\\/mampara\\\/#breadcrumb\",\"itemListElement\":[{\"@type\":\"ListItem\",\"position\":1,\"name\":\"Home\",\"item\":\"https:\\\/\\\/www.terrazaconfort.com\\\/\"},{\"@type\":\"ListItem\",\"position\":2,\"name\":\"Productos\",\"item\":\"https:\\\/\\\/www.terrazaconfort.com\\\/productos\\\/\"},{\"@type\":\"ListItem\",\"position\":3,\"name\":\"Mampara\"}]},{\"@type\":\"WebSite\",\"@id\":\"https:\\\/\\\/www.terrazaconfort.com\\\/#website\",\"url\":\"https:\\\/\\\/www.terrazaconfort.com\\\/\",\"name\":\"Terraza & Confort - Terrazas Que Inspiran Momentos Unicos\",\"description\":\"Terrazas Que Inspiran Momentos Unicos\",\"publisher\":{\"@id\":\"https:\\\/\\\/www.terrazaconfort.com\\\/#organization\"},\"alternateName\":\"Terraza & Confort - M\u00e1laga\",\"potentialAction\":[{\"@type\":\"SearchAction\",\"target\":{\"@type\":\"EntryPoint\",\"urlTemplate\":\"https:\\\/\\\/www.terrazaconfort.com\\\/?s={search_term_string}\"},\"query-input\":{\"@type\":\"PropertyValueSpecification\",\"valueRequired\":true,\"valueName\":\"search_term_string\"}}],\"inLanguage\":\"en-GB\"},{\"@type\":\"Organization\",\"@id\":\"https:\\\/\\\/www.terrazaconfort.com\\\/#organization\",\"name\":\"Terraza & Confort\",\"url\":\"https:\\\/\\\/www.terrazaconfort.com\\\/\",\"logo\":{\"@type\":\"ImageObject\",\"inLanguage\":\"en-GB\",\"@id\":\"https:\\\/\\\/www.terrazaconfort.com\\\/#\\\/schema\\\/logo\\\/image\\\/\",\"url\":\"https:\\\/\\\/www.terrazaconfort.com\\\/wp-content\\\/uploads\\\/2024\\\/12\\\/TERRAZA-Y-CONFORT.png\",\"contentUrl\":\"https:\\\/\\\/www.terrazaconfort.com\\\/wp-content\\\/uploads\\\/2024\\\/12\\\/TERRAZA-Y-CONFORT.png\",\"width\":1080,\"height\":1080,\"caption\":\"Terraza & Confort\"},\"image\":{\"@id\":\"https:\\\/\\\/www.terrazaconfort.com\\\/#\\\/schema\\\/logo\\\/image\\\/\"},\"sameAs\":[\"https:\\\/\\\/www.instagram.com\\\/terrazaconfort\\\/\"]}]}<\/script>\n<!-- \/ Yoast SEO Premium plugin. -->","yoast_head_json":{"title":"MAMPARA - Terraza &amp; Confort","description":"MAMPARA - Son las m\u00e1s comunes y se utilizan para separar la ducha o ba\u00f1era del resto del ba\u00f1o. Su funci\u00f3n principal es separar ambientes.","robots":{"index":"index","follow":"follow","max-snippet":"max-snippet:-1","max-image-preview":"max-image-preview:large","max-video-preview":"max-video-preview:-1"},"canonical":"https:\/\/www.terrazaconfort.com\/en\/productos\/mampara\/","og_locale":"en_GB","og_type":"article","og_title":"Mampara","og_description":"MAMPARA - Son las m\u00e1s comunes y se utilizan para separar la ducha o ba\u00f1era del resto del ba\u00f1o. Su funci\u00f3n principal es separar ambientes.","og_url":"https:\/\/www.terrazaconfort.com\/en\/productos\/mampara\/","og_site_name":"Terraza &amp; Confort","article_modified_time":"2025-03-29T11:47:38+00:00","og_image":[{"width":1080,"height":850,"url":"https:\/\/www.terrazaconfort.com\/wp-content\/uploads\/2024\/11\/Mamparas-Bano-3-min.jpg","type":"image\/jpeg"}],"twitter_card":"summary_large_image","twitter_misc":{"Estimated reading time":"3 minutes"},"schema":{"@context":"https:\/\/schema.org","@graph":[{"@type":"WebPage","@id":"https:\/\/www.terrazaconfort.com\/productos\/mampara\/","url":"https:\/\/www.terrazaconfort.com\/productos\/mampara\/","name":"MAMPARA - Terraza &amp; Confort","isPartOf":{"@id":"https:\/\/www.terrazaconfort.com\/#website"},"primaryImageOfPage":{"@id":"https:\/\/www.terrazaconfort.com\/productos\/mampara\/#primaryimage"},"image":{"@id":"https:\/\/www.terrazaconfort.com\/productos\/mampara\/#primaryimage"},"thumbnailUrl":"https:\/\/www.terrazaconfort.com\/wp-content\/uploads\/2024\/11\/Mamparas-Bano-3-min.jpg","datePublished":"2024-11-21T15:24:37+00:00","dateModified":"2025-03-29T11:47:38+00:00","description":"MAMPARA - Son las m\u00e1s comunes y se utilizan para separar la ducha o ba\u00f1era del resto del ba\u00f1o. Su funci\u00f3n principal es separar ambientes.","breadcrumb":{"@id":"https:\/\/www.terrazaconfort.com\/productos\/mampara\/#breadcrumb"},"inLanguage":"en-GB","potentialAction":[{"@type":"ReadAction","target":["https:\/\/www.terrazaconfort.com\/productos\/mampara\/"]}]},{"@type":"ImageObject","inLanguage":"en-GB","@id":"https:\/\/www.terrazaconfort.com\/productos\/mampara\/#primaryimage","url":"https:\/\/www.terrazaconfort.com\/wp-content\/uploads\/2024\/11\/Mamparas-Bano-3-min.jpg","contentUrl":"https:\/\/www.terrazaconfort.com\/wp-content\/uploads\/2024\/11\/Mamparas-Bano-3-min.jpg","width":1080,"height":850,"caption":"Mamparas de ba\u00f1o: Son las m\u00e1s comunes y se utilizan para separar la ducha o ba\u00f1era del resto del ba\u00f1o. Pueden ser de vidrio templado, acr\u00edlico o pl\u00e1stico, y se ofrecen en una amplia variedad de dise\u00f1os y acabados."},{"@type":"BreadcrumbList","@id":"https:\/\/www.terrazaconfort.com\/productos\/mampara\/#breadcrumb","itemListElement":[{"@type":"ListItem","position":1,"name":"Home","item":"https:\/\/www.terrazaconfort.com\/"},{"@type":"ListItem","position":2,"name":"Productos","item":"https:\/\/www.terrazaconfort.com\/productos\/"},{"@type":"ListItem","position":3,"name":"Mampara"}]},{"@type":"WebSite","@id":"https:\/\/www.terrazaconfort.com\/#website","url":"https:\/\/www.terrazaconfort.com\/","name":"Terraza & Confort - Terrazas Que Inspiran Momentos Unicos","description":"Terrazas Que Inspiran Momentos Unicos","publisher":{"@id":"https:\/\/www.terrazaconfort.com\/#organization"},"alternateName":"Terraza & Confort - M\u00e1laga","potentialAction":[{"@type":"SearchAction","target":{"@type":"EntryPoint","urlTemplate":"https:\/\/www.terrazaconfort.com\/?s={search_term_string}"},"query-input":{"@type":"PropertyValueSpecification","valueRequired":true,"valueName":"search_term_string"}}],"inLanguage":"en-GB"},{"@type":"Organization","@id":"https:\/\/www.terrazaconfort.com\/#organization","name":"Terraza & Confort","url":"https:\/\/www.terrazaconfort.com\/","logo":{"@type":"ImageObject","inLanguage":"en-GB","@id":"https:\/\/www.terrazaconfort.com\/#\/schema\/logo\/image\/","url":"https:\/\/www.terrazaconfort.com\/wp-content\/uploads\/2024\/12\/TERRAZA-Y-CONFORT.png","contentUrl":"https:\/\/www.terrazaconfort.com\/wp-content\/uploads\/2024\/12\/TERRAZA-Y-CONFORT.png","width":1080,"height":1080,"caption":"Terraza & Confort"},"image":{"@id":"https:\/\/www.terrazaconfort.com\/#\/schema\/logo\/image\/"},"sameAs":["https:\/\/www.instagram.com\/terrazaconfort\/"]}]}},"_links":{"self":[{"href":"https:\/\/www.terrazaconfort.com\/en\/wp-json\/wp\/v2\/pages\/261","targetHints":{"allow":["GET"]}}],"collection":[{"href":"https:\/\/www.terrazaconfort.com\/en\/wp-json\/wp\/v2\/pages"}],"about":[{"href":"https:\/\/www.terrazaconfort.com\/en\/wp-json\/wp\/v2\/types\/page"}],"author":[{"embeddable":true,"href":"https:\/\/www.terrazaconfort.com\/en\/wp-json\/wp\/v2\/users\/1"}],"replies":[{"embeddable":true,"href":"https:\/\/www.terrazaconfort.com\/en\/wp-json\/wp\/v2\/comments?post=261"}],"version-history":[{"count":15,"href":"https:\/\/www.terrazaconfort.com\/en\/wp-json\/wp\/v2\/pages\/261\/revisions"}],"predecessor-version":[{"id":1056,"href":"https:\/\/www.terrazaconfort.com\/en\/wp-json\/wp\/v2\/pages\/261\/revisions\/1056"}],"up":[{"embeddable":true,"href":"https:\/\/www.terrazaconfort.com\/en\/wp-json\/wp\/v2\/pages\/49"}],"wp:featuredmedia":[{"embeddable":true,"href":"https:\/\/www.terrazaconfort.com\/en\/wp-json\/wp\/v2\/media\/390"}],"wp:attachment":[{"href":"https:\/\/www.terrazaconfort.com\/en\/wp-json\/wp\/v2\/media?parent=261"}],"curies":[{"name":"wp","href":"https:\/\/api.w.org\/{rel}","templated":true}]}}