{"id":53,"date":"2024-11-12T16:31:48","date_gmt":"2024-11-12T15:31:48","guid":{"rendered":"https:\/\/www.terrazaconfort.com\/?page_id=53"},"modified":"2025-10-13T18:57:15","modified_gmt":"2025-10-13T16:57:15","slug":"blog","status":"publish","type":"page","link":"https:\/\/www.terrazaconfort.com\/en\/blog\/","title":{"rendered":"Blog"},"content":{"rendered":"<p>[et_pb_section fb_built=\u00bb1&#8243; _builder_version=\u00bb4.27.3&#8243; _module_preset=\u00bbdefault\u00bb locked=\u00bboff\u00bb global_colors_info=\u00bb{}\u00bb][et_pb_row _builder_version=\u00bb4.27.0&#8243; _module_preset=\u00bbdefault\u00bb locked=\u00bboff\u00bb global_colors_info=\u00bb{}\u00bb][et_pb_column type=\u00bb4_4&#8243; _builder_version=\u00bb4.27.0&#8243; _module_preset=\u00bbdefault\u00bb global_colors_info=\u00bb{}\u00bb][et_pb_text _builder_version=\u00bb4.27.3&#8243; _module_preset=\u00bbdefault\u00bb text_font=\u00bbPoppins|600|||||||\u00bb text_text_color=\u00bb#FF6A00&#8243; text_font_size=\u00bb40px\u00bb text_letter_spacing=\u00bb3px\u00bb text_line_height=\u00bb1em\u00bb text_orientation=\u00bbcenter\u00bb text_font_size_tablet=\u00bb40px\u00bb text_font_size_phone=\u00bb33px\u00bb text_font_size_last_edited=\u00bbon|phone\u00bb locked=\u00bboff\u00bb global_colors_info=\u00bb{}\u00bb]<\/p>\n<p>NUESTRO BLOG<\/p>\n<p>[\/et_pb_text][et_pb_text _builder_version=\u00bb4.27.3&#8243; _module_preset=\u00bbdefault\u00bb text_font=\u00bbPoppins|300|||||||\u00bb text_text_color=\u00bb#005373&#8243; text_font_size=\u00bb18px\u00bb text_line_height=\u00bb1.3em\u00bb text_orientation=\u00bbcenter\u00bb text_font_size_tablet=\u00bb18px\u00bb text_font_size_phone=\u00bb14px\u00bb text_font_size_last_edited=\u00bbon|phone\u00bb locked=\u00bboff\u00bb global_colors_info=\u00bb{}\u00bb]<\/p>\n<p data-sourcepos=\"26:1-26:172\">\u00bfEst\u00e1s buscando ideas y consejos para tu terraza? \u00a1Este Blog es para ti! En <strong>terraza &amp; confort<\/strong> , te presentamos ideas innovadores, para espacios unicos llenos de mucho confort.<strong><\/strong><\/p>\n<p>[\/et_pb_text][\/et_pb_column][\/et_pb_row][\/et_pb_section][et_pb_section fb_built=\u00bb1&#8243; _builder_version=\u00bb4.27.4&#8243; _module_preset=\u00bbdefault\u00bb background_color=\u00bb#005373&#8243; global_colors_info=\u00bb{}\u00bb][et_pb_row _builder_version=\u00bb4.27.4&#8243; _module_preset=\u00bbdefault\u00bb width=\u00bb90%\u00bb max_width=\u00bb100%\u00bb module_alignment=\u00bbcenter\u00bb global_colors_info=\u00bb{}\u00bb][et_pb_column type=\u00bb4_4&#8243; _builder_version=\u00bb4.27.4&#8243; _module_preset=\u00bbdefault\u00bb global_colors_info=\u00bb{}\u00bb][et_pb_text _builder_version=\u00bb4.27.4&#8243; _module_preset=\u00bbdefault\u00bb text_font=\u00bbPoppins|600|||||||\u00bb text_text_color=\u00bb#FF6A00&#8243; text_font_size=\u00bb40px\u00bb text_letter_spacing=\u00bb3px\u00bb text_line_height=\u00bb1em\u00bb header_2_font=\u00bbPoppins||||||||\u00bb header_2_text_align=\u00bbleft\u00bb header_2_text_color=\u00bb#FFFFFF\u00bb header_2_font_size=\u00bb20px\u00bb text_orientation=\u00bbcenter\u00bb text_font_size_tablet=\u00bb40px\u00bb text_font_size_phone=\u00bb33px\u00bb text_font_size_last_edited=\u00bbon|phone\u00bb global_colors_info=\u00bb{}\u00bb]<\/p>\n<h2>Entradas Resientes<\/h2>\n<p>[\/et_pb_text][et_pb_blog posts_number=\u00bb5&#8243; include_categories=\u00bball\u00bb use_manual_excerpt=\u00bboff\u00bb show_more=\u00bbon\u00bb show_author=\u00bboff\u00bb show_excerpt=\u00bboff\u00bb show_pagination=\u00bboff\u00bb module_class=\u00bbov-blog-grid\u00bb _builder_version=\u00bb4.27.4&#8243; _module_preset=\u00bbdefault\u00bb header_font=\u00bbPoppins||||||||\u00bb header_text_color=\u00bb#005373&#8243; header_font_size=\u00bb18px\u00bb header_line_height=\u00bb1.3em\u00bb meta_font=\u00bbPoppins|300|||||||\u00bb meta_text_color=\u00bb#FF6A00&#8243; meta_font_size=\u00bb16px\u00bb custom_margin=\u00bb10px||||false|false\u00bb hover_enabled=\u00bb0&#8243; global_colors_info=\u00bb{}\u00bb sticky_enabled=\u00bb0&#8243;][\/et_pb_blog][et_pb_code _builder_version=\u00bb4.27.4&#8243; _module_preset=\u00bbdefault\u00bb hover_enabled=\u00bb0&#8243; global_colors_info=\u00bb{}\u00bb sticky_enabled=\u00bb0&#8243;]<script><!-- [et_pb_line_break_holder] -->jQuery(document).ready(function($){<!-- [et_pb_line_break_holder] -->  \/\/ Crear el grid del m\u00f3dulo blog<!-- [et_pb_line_break_holder] -->  $( \".ov-blog-grid .et_pb_blog_item_0_0\" ).wrapAll( \"<\/p>\n<div class='ov-columna-izq' \/>\");<!-- [et_pb_line_break_holder] -->  $(\".ov-blog-grid\").each(function() {<!-- [et_pb_line_break_holder] -->    $(this).find(\".et_pb_blog_item_0_1, .et_pb_blog_item_0_2, .et_pb_blog_item_0_3, .et_pb_blog_item_0_4\").wrapAll('<\/p>\n<div class=\"ov-columna-derecha\"><\/div>\n<p>');<!-- [et_pb_line_break_holder] -->  });<!-- [et_pb_line_break_holder] -->  \/\/ Agrupar el t\u00edtulo, meta y contenido en un div<!-- [et_pb_line_break_holder] -->  $(\".ov-blog-grid .et_pb_post\").each(function() {<!-- [et_pb_line_break_holder] -->    $(this).find(\".entry-title, .post-meta, .post-content \").wrapAll('<\/p>\n<div class=\"ov-meta-content\"><\/div>\n<p>');<!-- [et_pb_line_break_holder] -->  });<!-- [et_pb_line_break_holder] -->});<!-- [et_pb_line_break_holder] --><\/script>[\/et_pb_code][\/et_pb_column][\/et_pb_row][\/et_pb_section][et_pb_section fb_built=\u00bb1&#8243; _builder_version=\u00bb4.27.4&#8243; _module_preset=\u00bbdefault\u00bb locked=\u00bboff\u00bb global_colors_info=\u00bb{}\u00bb][et_pb_row _builder_version=\u00bb4.27.4&#8243; _module_preset=\u00bbdefault\u00bb global_colors_info=\u00bb{}\u00bb][et_pb_column type=\u00bb4_4&#8243; _builder_version=\u00bb4.27.4&#8243; _module_preset=\u00bbdefault\u00bb global_colors_info=\u00bb{}\u00bb][et_pb_text _builder_version=\u00bb4.27.4&#8243; _module_preset=\u00bbdefault\u00bb text_font=\u00bbPoppins|600|||||||\u00bb text_text_color=\u00bb#FF6A00&#8243; text_font_size=\u00bb40px\u00bb text_letter_spacing=\u00bb3px\u00bb text_line_height=\u00bb1em\u00bb text_orientation=\u00bbcenter\u00bb text_font_size_tablet=\u00bb40px\u00bb text_font_size_phone=\u00bb22px\u00bb text_font_size_last_edited=\u00bbon|phone\u00bb global_colors_info=\u00bb{}\u00bb]<\/p>\n<p>\u00bfTIENES UN PROYECTO EN MENTE?<\/p>\n<p>[\/et_pb_text][\/et_pb_column][\/et_pb_row][et_pb_row _builder_version=\u00bb4.27.4&#8243; _module_preset=\u00bbdefault\u00bb locked=\u00bboff\u00bb global_colors_info=\u00bb{}\u00bb][et_pb_column type=\u00bb4_4&#8243; saved_specialty_column_type=\u00bb1_2&#8243; _builder_version=\u00bb4.27.4&#8243; _module_preset=\u00bbdefault\u00bb global_colors_info=\u00bb{}\u00bb][et_pb_text _builder_version=\u00bb4.27.4&#8243; _module_preset=\u00bbdefault\u00bb text_font=\u00bbPoppins|300|||||||\u00bb text_text_color=\u00bb#005373&#8243; text_font_size=\u00bb22px\u00bb text_orientation=\u00bbcenter\u00bb global_colors_info=\u00bb{}\u00bb]<\/p>\n<p>Como especialistas en Terraza &amp; Confort, sabemos que cada hogar es \u00fanico. Por eso, te ofrecemos asesoramiento experto y presupuestos detallados para que tomes la mejor decisi\u00f3n. \u00a1Cont\u00e1ctanos y d\u00e9janos ayudarte a crear el hogar de tus sue\u00f1os!<\/p>\n<p>[\/et_pb_text][\/et_pb_column][\/et_pb_row][et_pb_row column_structure=\u00bb1_4,1_2,1_4&#8243; _builder_version=\u00bb4.27.4&#8243; _module_preset=\u00bbdefault\u00bb global_colors_info=\u00bb{}\u00bb][et_pb_column type=\u00bb1_4&#8243; _builder_version=\u00bb4.27.4&#8243; _module_preset=\u00bbdefault\u00bb global_colors_info=\u00bb{}\u00bb][\/et_pb_column][et_pb_column type=\u00bb1_2&#8243; _builder_version=\u00bb4.27.4&#8243; _module_preset=\u00bbdefault\u00bb global_colors_info=\u00bb{}\u00bb][et_pb_button button_url=\u00bb@ET-DC@eyJkeW5hbWljIjp0cnVlLCJjb250ZW50IjoicG9zdF9saW5rX3VybF9wYWdlIiwic2V0dGluZ3MiOnsicG9zdF9pZCI6IjUxIn19@\u00bb button_text=\u00bb\u00a1Presupuesto Ahora!\u00bb button_alignment=\u00bbcenter\u00bb _builder_version=\u00bb4.27.4&#8243; _dynamic_attributes=\u00bbbutton_url\u00bb _module_preset=\u00bbdefault\u00bb custom_button=\u00bbon\u00bb button_text_color=\u00bb#FFFFFF\u00bb button_bg_color=\u00bb#FF6A00&#8243; button_border_width=\u00bb0px\u00bb button_font=\u00bbPoppins|500|||||||\u00bb button_text_size_tablet=\u00bb\u00bb button_text_size_phone=\u00bb15px\u00bb button_text_size_last_edited=\u00bbon|phone\u00bb locked=\u00bboff\u00bb global_colors_info=\u00bb{}\u00bb][\/et_pb_button][\/et_pb_column][et_pb_column type=\u00bb1_4&#8243; _builder_version=\u00bb4.27.4&#8243; _module_preset=\u00bbdefault\u00bb global_colors_info=\u00bb{}\u00bb][\/et_pb_column][\/et_pb_row][\/et_pb_section]<\/p>\n","protected":false},"excerpt":{"rendered":"<p>NUESTRO BLOG\u00bfEst\u00e1s buscando ideas y consejos para tu terraza? \u00a1Este Blog es para ti! En terraza &amp; confort , te presentamos ideas innovadores, para espacios unicos llenos de mucho confort.Entradas Resientes\u00bfTIENES UN PROYECTO EN MENTE?Como especialistas en Terraza &amp; Confort, sabemos que cada hogar es \u00fanico. Por eso, te ofrecemos asesoramiento experto y presupuestos detallados [&hellip;]<\/p>\n","protected":false},"author":1,"featured_media":0,"parent":0,"menu_order":0,"comment_status":"closed","ping_status":"closed","template":"","meta":{"_et_pb_use_builder":"on","_et_pb_old_content":"<!-- wp:divi\/placeholder \/-->","_et_gb_content_width":"","footnotes":""},"class_list":["post-53","page","type-page","status-publish","hentry"],"yoast_head":"<!-- This site is optimized with the Yoast SEO Premium plugin v20.2.1 (Yoast SEO v27.0) - https:\/\/yoast.com\/product\/yoast-seo-premium-wordpress\/ -->\n<title>Blog - Terraza &amp; Confort<\/title>\n<meta name=\"robots\" content=\"index, follow, max-snippet:-1, max-image-preview:large, max-video-preview:-1\" \/>\n<link rel=\"canonical\" href=\"https:\/\/www.terrazaconfort.com\/en\/blog\/\" \/>\n<meta property=\"og:locale\" content=\"en_GB\" \/>\n<meta property=\"og:type\" content=\"article\" \/>\n<meta property=\"og:title\" content=\"Blog\" \/>\n<meta property=\"og:description\" content=\"NUESTRO BLOG\u00bfEst\u00e1s buscando ideas y consejos para tu terraza? \u00a1Este Blog es para ti! En terraza &amp; confort , te presentamos ideas innovadores, para espacios unicos llenos de mucho confort.Entradas Resientes\u00bfTIENES UN PROYECTO EN MENTE?Como especialistas en Terraza &amp; Confort, sabemos que cada hogar es \u00fanico. Por eso, te ofrecemos asesoramiento experto y presupuestos detallados [&hellip;]\" \/>\n<meta property=\"og:url\" content=\"https:\/\/www.terrazaconfort.com\/en\/blog\/\" \/>\n<meta property=\"og:site_name\" content=\"Terraza &amp; Confort\" \/>\n<meta property=\"article:modified_time\" content=\"2025-10-13T16:57:15+00:00\" \/>\n<meta property=\"og:image\" content=\"https:\/\/www.terrazaconfort.com\/wp-content\/uploads\/2024\/11\/logo-terraza-y-confort-1.png\" \/>\n\t<meta property=\"og:image:width\" content=\"917\" \/>\n\t<meta property=\"og:image:height\" content=\"406\" \/>\n\t<meta property=\"og:image:type\" content=\"image\/png\" \/>\n<meta name=\"twitter:card\" content=\"summary_large_image\" \/>\n<meta name=\"twitter:label1\" content=\"Estimated reading time\" \/>\n\t<meta name=\"twitter:data1\" content=\"1 minute\" \/>\n<script type=\"application\/ld+json\" class=\"yoast-schema-graph\">{\"@context\":\"https:\/\/schema.org\",\"@graph\":[{\"@type\":\"WebPage\",\"@id\":\"https:\/\/www.terrazaconfort.com\/blog\/\",\"url\":\"https:\/\/www.terrazaconfort.com\/blog\/\",\"name\":\"Blog - Terraza &amp; Confort\",\"isPartOf\":{\"@id\":\"https:\/\/www.terrazaconfort.com\/#website\"},\"datePublished\":\"2024-11-12T15:31:48+00:00\",\"dateModified\":\"2025-10-13T16:57:15+00:00\",\"breadcrumb\":{\"@id\":\"https:\/\/www.terrazaconfort.com\/blog\/#breadcrumb\"},\"inLanguage\":\"en-GB\",\"potentialAction\":[{\"@type\":\"ReadAction\",\"target\":[\"https:\/\/www.terrazaconfort.com\/blog\/\"]}]},{\"@type\":\"BreadcrumbList\",\"@id\":\"https:\/\/www.terrazaconfort.com\/blog\/#breadcrumb\",\"itemListElement\":[{\"@type\":\"ListItem\",\"position\":1,\"name\":\"Home\",\"item\":\"https:\/\/www.terrazaconfort.com\/\"},{\"@type\":\"ListItem\",\"position\":2,\"name\":\"Blog\"}]},{\"@type\":\"WebSite\",\"@id\":\"https:\/\/www.terrazaconfort.com\/#website\",\"url\":\"https:\/\/www.terrazaconfort.com\/\",\"name\":\"Terraza & Confort - Terrazas Que Inspiran Momentos Unicos\",\"description\":\"Terrazas Que Inspiran Momentos Unicos\",\"publisher\":{\"@id\":\"https:\/\/www.terrazaconfort.com\/#organization\"},\"alternateName\":\"Terraza & Confort - M\u00e1laga\",\"potentialAction\":[{\"@type\":\"SearchAction\",\"target\":{\"@type\":\"EntryPoint\",\"urlTemplate\":\"https:\/\/www.terrazaconfort.com\/?s={search_term_string}\"},\"query-input\":{\"@type\":\"PropertyValueSpecification\",\"valueRequired\":true,\"valueName\":\"search_term_string\"}}],\"inLanguage\":\"en-GB\"},{\"@type\":\"Organization\",\"@id\":\"https:\/\/www.terrazaconfort.com\/#organization\",\"name\":\"Terraza & Confort\",\"url\":\"https:\/\/www.terrazaconfort.com\/\",\"logo\":{\"@type\":\"ImageObject\",\"inLanguage\":\"en-GB\",\"@id\":\"https:\/\/www.terrazaconfort.com\/#\/schema\/logo\/image\/\",\"url\":\"https:\/\/www.terrazaconfort.com\/wp-content\/uploads\/2024\/12\/TERRAZA-Y-CONFORT.png\",\"contentUrl\":\"https:\/\/www.terrazaconfort.com\/wp-content\/uploads\/2024\/12\/TERRAZA-Y-CONFORT.png\",\"width\":1080,\"height\":1080,\"caption\":\"Terraza & Confort\"},\"image\":{\"@id\":\"https:\/\/www.terrazaconfort.com\/#\/schema\/logo\/image\/\"},\"sameAs\":[\"https:\/\/www.instagram.com\/terrazaconfort\/\"]}]}<\/script>\n<!-- \/ Yoast SEO Premium plugin. -->","yoast_head_json":{"title":"Blog - Terraza &amp; Confort","robots":{"index":"index","follow":"follow","max-snippet":"max-snippet:-1","max-image-preview":"max-image-preview:large","max-video-preview":"max-video-preview:-1"},"canonical":"https:\/\/www.terrazaconfort.com\/en\/blog\/","og_locale":"en_GB","og_type":"article","og_title":"Blog","og_description":"NUESTRO BLOG\u00bfEst\u00e1s buscando ideas y consejos para tu terraza? \u00a1Este Blog es para ti! En terraza &amp; confort , te presentamos ideas innovadores, para espacios unicos llenos de mucho confort.Entradas Resientes\u00bfTIENES UN PROYECTO EN MENTE?Como especialistas en Terraza &amp; Confort, sabemos que cada hogar es \u00fanico. Por eso, te ofrecemos asesoramiento experto y presupuestos detallados [&hellip;]","og_url":"https:\/\/www.terrazaconfort.com\/en\/blog\/","og_site_name":"Terraza &amp; Confort","article_modified_time":"2025-10-13T16:57:15+00:00","og_image":[{"width":917,"height":406,"url":"https:\/\/www.terrazaconfort.com\/wp-content\/uploads\/2024\/11\/logo-terraza-y-confort-1.png","type":"image\/png"}],"twitter_card":"summary_large_image","twitter_misc":{"Estimated reading time":"1 minute"},"schema":{"@context":"https:\/\/schema.org","@graph":[{"@type":"WebPage","@id":"https:\/\/www.terrazaconfort.com\/blog\/","url":"https:\/\/www.terrazaconfort.com\/blog\/","name":"Blog - Terraza &amp; Confort","isPartOf":{"@id":"https:\/\/www.terrazaconfort.com\/#website"},"datePublished":"2024-11-12T15:31:48+00:00","dateModified":"2025-10-13T16:57:15+00:00","breadcrumb":{"@id":"https:\/\/www.terrazaconfort.com\/blog\/#breadcrumb"},"inLanguage":"en-GB","potentialAction":[{"@type":"ReadAction","target":["https:\/\/www.terrazaconfort.com\/blog\/"]}]},{"@type":"BreadcrumbList","@id":"https:\/\/www.terrazaconfort.com\/blog\/#breadcrumb","itemListElement":[{"@type":"ListItem","position":1,"name":"Home","item":"https:\/\/www.terrazaconfort.com\/"},{"@type":"ListItem","position":2,"name":"Blog"}]},{"@type":"WebSite","@id":"https:\/\/www.terrazaconfort.com\/#website","url":"https:\/\/www.terrazaconfort.com\/","name":"Terraza & Confort - Terrazas Que Inspiran Momentos Unicos","description":"Terrazas Que Inspiran Momentos Unicos","publisher":{"@id":"https:\/\/www.terrazaconfort.com\/#organization"},"alternateName":"Terraza & Confort - M\u00e1laga","potentialAction":[{"@type":"SearchAction","target":{"@type":"EntryPoint","urlTemplate":"https:\/\/www.terrazaconfort.com\/?s={search_term_string}"},"query-input":{"@type":"PropertyValueSpecification","valueRequired":true,"valueName":"search_term_string"}}],"inLanguage":"en-GB"},{"@type":"Organization","@id":"https:\/\/www.terrazaconfort.com\/#organization","name":"Terraza & Confort","url":"https:\/\/www.terrazaconfort.com\/","logo":{"@type":"ImageObject","inLanguage":"en-GB","@id":"https:\/\/www.terrazaconfort.com\/#\/schema\/logo\/image\/","url":"https:\/\/www.terrazaconfort.com\/wp-content\/uploads\/2024\/12\/TERRAZA-Y-CONFORT.png","contentUrl":"https:\/\/www.terrazaconfort.com\/wp-content\/uploads\/2024\/12\/TERRAZA-Y-CONFORT.png","width":1080,"height":1080,"caption":"Terraza & Confort"},"image":{"@id":"https:\/\/www.terrazaconfort.com\/#\/schema\/logo\/image\/"},"sameAs":["https:\/\/www.instagram.com\/terrazaconfort\/"]}]}},"_links":{"self":[{"href":"https:\/\/www.terrazaconfort.com\/en\/wp-json\/wp\/v2\/pages\/53","targetHints":{"allow":["GET"]}}],"collection":[{"href":"https:\/\/www.terrazaconfort.com\/en\/wp-json\/wp\/v2\/pages"}],"about":[{"href":"https:\/\/www.terrazaconfort.com\/en\/wp-json\/wp\/v2\/types\/page"}],"author":[{"embeddable":true,"href":"https:\/\/www.terrazaconfort.com\/en\/wp-json\/wp\/v2\/users\/1"}],"replies":[{"embeddable":true,"href":"https:\/\/www.terrazaconfort.com\/en\/wp-json\/wp\/v2\/comments?post=53"}],"version-history":[{"count":28,"href":"https:\/\/www.terrazaconfort.com\/en\/wp-json\/wp\/v2\/pages\/53\/revisions"}],"predecessor-version":[{"id":1750,"href":"https:\/\/www.terrazaconfort.com\/en\/wp-json\/wp\/v2\/pages\/53\/revisions\/1750"}],"wp:attachment":[{"href":"https:\/\/www.terrazaconfort.com\/en\/wp-json\/wp\/v2\/media?parent=53"}],"curies":[{"name":"wp","href":"https:\/\/api.w.org\/{rel}","templated":true}]}}